{"id":211,"date":"2025-12-15T11:01:09","date_gmt":"2025-12-15T14:01:09","guid":{"rendered":"https:\/\/sheyllarodrigues.com.br\/?post_type=product&#038;p=211"},"modified":"2025-12-15T11:12:21","modified_gmt":"2025-12-15T14:12:21","slug":"camisa-raizes","status":"publish","type":"product","link":"https:\/\/sheyllarodrigues.com.br\/?product=camisa-raizes","title":{"rendered":"CAMISA RA\u00cdZES"},"content":{"rendered":"<p data-start=\"126\" data-end=\"155\"><strong data-start=\"126\" data-end=\"155\">Camisa Raglan em Malha PV<\/strong><\/p>\n<p data-start=\"157\" data-end=\"422\">Confeccionada em <strong data-start=\"174\" data-end=\"186\">malha PV<\/strong>, oferece conforto, leveza e \u00f3timo caimento. Possui <strong data-start=\"238\" data-end=\"284\">personaliza\u00e7\u00e3o em silk de uma cor no peito<\/strong> e <strong data-start=\"287\" data-end=\"302\">DTF na nuca<\/strong>, garantindo um acabamento bonito e dur\u00e1vel.<br data-start=\"346\" data-end=\"349\" \/>Ideal para quem busca uma pe\u00e7a pr\u00e1tica, moderna e com identidade pr\u00f3pria<\/p>\n","protected":false},"excerpt":{"rendered":"<p>Camisa Raglan em Malha PV Confeccionada em malha PV, oferece conforto, leveza e \u00f3timo caimento. Possui personaliza\u00e7\u00e3o em silk de uma cor no peito e DTF na nuca, garantindo um acabamento bonito e dur\u00e1vel.Ideal para quem busca uma pe\u00e7a pr\u00e1tica, moderna e com identidade pr\u00f3pria<\/p>\n","protected":false},"featured_media":217,"comment_status":"open","ping_status":"closed","template":"","meta":[],"product_brand":[],"product_cat":[15],"product_tag":[],"class_list":{"0":"post-211","1":"product","2":"type-product","3":"status-publish","4":"has-post-thumbnail","6":"product_cat-sem-categoria","8":"first","9":"instock","10":"shipping-taxable","11":"purchasable","12":"product-type-variable"},"_links":{"self":[{"href":"https:\/\/sheyllarodrigues.com.br\/index.php?rest_route=\/wp\/v2\/product\/211","targetHints":{"allow":["GET"]}}],"collection":[{"href":"https:\/\/sheyllarodrigues.com.br\/index.php?rest_route=\/wp\/v2\/product"}],"about":[{"href":"https:\/\/sheyllarodrigues.com.br\/index.php?rest_route=\/wp\/v2\/types\/product"}],"replies":[{"embeddable":true,"href":"https:\/\/sheyllarodrigues.com.br\/index.php?rest_route=%2Fwp%2Fv2%2Fcomments&post=211"}],"wp:featuredmedia":[{"embeddable":true,"href":"https:\/\/sheyllarodrigues.com.br\/index.php?rest_route=\/wp\/v2\/media\/217"}],"wp:attachment":[{"href":"https:\/\/sheyllarodrigues.com.br\/index.php?rest_route=%2Fwp%2Fv2%2Fmedia&parent=211"}],"wp:term":[{"taxonomy":"product_brand","embeddable":true,"href":"https:\/\/sheyllarodrigues.com.br\/index.php?rest_route=%2Fwp%2Fv2%2Fproduct_brand&post=211"},{"taxonomy":"product_cat","embeddable":true,"href":"https:\/\/sheyllarodrigues.com.br\/index.php?rest_route=%2Fwp%2Fv2%2Fproduct_cat&post=211"},{"taxonomy":"product_tag","embeddable":true,"href":"https:\/\/sheyllarodrigues.com.br\/index.php?rest_route=%2Fwp%2Fv2%2Fproduct_tag&post=211"}],"curies":[{"name":"wp","href":"https:\/\/api.w.org\/{rel}","templated":true}]}}